{"id":35,"date":"2016-10-26T14:47:37","date_gmt":"2016-10-26T12:47:37","guid":{"rendered":"http:\/\/www.bizartrit.com\/fr\/?page_id=35"},"modified":"2016-12-21T19:06:08","modified_gmt":"2016-12-21T18:06:08","slug":"qui-sommes-nous","status":"publish","type":"page","link":"https:\/\/www.bizartrit.com\/fr\/qui-sommes-nous\/","title":{"rendered":"Qui sommes-nous?"},"content":{"rendered":"<p><img fetchpriority=\"high\" decoding=\"async\" class=\"aligncenter wp-image-372\" src=\"http:\/\/www.bizartrit.com\/fr\/wp-content\/uploads\/2016\/12\/biz.png\" width=\"1000\" height=\"330\" srcset=\"https:\/\/www.bizartrit.com\/fr\/wp-content\/uploads\/2016\/12\/biz.png 1116w, https:\/\/www.bizartrit.com\/fr\/wp-content\/uploads\/2016\/12\/biz-300x99.png 300w, https:\/\/www.bizartrit.com\/fr\/wp-content\/uploads\/2016\/12\/biz-768x253.png 768w, https:\/\/www.bizartrit.com\/fr\/wp-content\/uploads\/2016\/12\/biz-1024x338.png 1024w, https:\/\/www.bizartrit.com\/fr\/wp-content\/uploads\/2016\/12\/biz-600x198.png 600w\" sizes=\"(max-width: 1000px) 100vw, 1000px\" \/><\/p>\n<h4><\/h4>\n<h4 id=\"fondateurs\">Les membres fondateurs\u00a0:<\/h4>\n<p><strong><a href=\"#\">Lo\u00efc Marchand<\/a><\/strong>\u00a0: Artiste plasticien, performeur et vid\u00e9aste, Dipl\u00f4m\u00e9 de l\u2019\u00e9cole des Beaux Arts de Dunkerque et de l\u2019\u00e9cole des Beaux Arts de Montpellier.<\/p>\n<p><strong><a href=\"#\">Lucien Monnier<\/a><\/strong>\u00a0: Artiste plasticien, dessinateur autodidacte.<\/p>\n<p><strong><a href=\"#\">David Lachavanne<\/a><\/strong>\u00a0: Artiste plasticien, sculpteur, Dipl\u00f4m\u00e9 de l\u2019\u00c9cole des beaux arts de Toulouse.<\/p>\n<p><strong><a href=\"#\">Philippe Debiol<\/a>\u00a0<\/strong>: Artiste plasticien, dessinateur et pochoiriste autodidacte.<\/p>\n<p><strong>\u00a0<\/strong><\/p>\n<p><img decoding=\"async\" class=\"aligncenter wp-image-374\" src=\"http:\/\/www.bizartrit.com\/fr\/wp-content\/uploads\/2016\/12\/filou.png\" width=\"1000\" height=\"331\" srcset=\"https:\/\/www.bizartrit.com\/fr\/wp-content\/uploads\/2016\/12\/filou.png 1086w, https:\/\/www.bizartrit.com\/fr\/wp-content\/uploads\/2016\/12\/filou-300x99.png 300w, https:\/\/www.bizartrit.com\/fr\/wp-content\/uploads\/2016\/12\/filou-768x254.png 768w, https:\/\/www.bizartrit.com\/fr\/wp-content\/uploads\/2016\/12\/filou-1024x339.png 1024w, https:\/\/www.bizartrit.com\/fr\/wp-content\/uploads\/2016\/12\/filou-600x198.png 600w\" sizes=\"(max-width: 1000px) 100vw, 1000px\" \/><\/p>\n<p>&nbsp;<\/p>\n<h4 id=\"projet\">Le projet Biz&rsquo;ART&rsquo;Rit<\/h4>\n<p>Les artistes fondateurs de l&rsquo;association sont issus de diff\u00e9rents horizons et ont chacun suivi une voie diff\u00e9rente avant de se r\u00e9unir autour du projet commun de La Biz\u2019Art\u2019Rit.<\/p>\n<p>Sortants d\u2019\u00e9cole d\u2019art (Montpellier, Toulouse) ou autodidactes, nous nous sommes rassembl\u00e9s autour du postulat de la difficult\u00e9 pour un artiste de promouvoir son travail, rencontrer d\u2019autres artistes afin de cr\u00e9er un r\u00e9seau d\u2019\u00e9change, et continuer \u00e0 produire de fa\u00e7on isol\u00e9e.<\/p>\n<p>Nous avons alors d\u00e9cid\u00e9 en 2014 de cr\u00e9er La Biz\u2019ART\u2019Rit afin de r\u00e9unir ces artistes dans un projet collectif permettant de mutualiser les savoirs-faire, mettre en place et accompagner des projets artistiques d\u2019envergure et ainsi promouvoir l\u2019art contemporain en Ari\u00e8ge et ses alentours.<\/p>\n<p>Nous sommes intimement convaincus du potentiel d\u2019effervescence artistique Ari\u00e9geois et des zones dites \u00ab\u00a0rurales\u00a0\u00bb en g\u00e9n\u00e9ral, l\u2019art contemporain est partout, par tous et pour tous<\/p>\n<p>&nbsp;<\/p>\n<p><img decoding=\"async\" class=\"aligncenter wp-image-373\" src=\"http:\/\/www.bizartrit.com\/fr\/wp-content\/uploads\/2016\/12\/decoupe.png\" width=\"1000\" height=\"330\" srcset=\"https:\/\/www.bizartrit.com\/fr\/wp-content\/uploads\/2016\/12\/decoupe.png 1086w, https:\/\/www.bizartrit.com\/fr\/wp-content\/uploads\/2016\/12\/decoupe-300x99.png 300w, https:\/\/www.bizartrit.com\/fr\/wp-content\/uploads\/2016\/12\/decoupe-768x253.png 768w, https:\/\/www.bizartrit.com\/fr\/wp-content\/uploads\/2016\/12\/decoupe-1024x338.png 1024w, https:\/\/www.bizartrit.com\/fr\/wp-content\/uploads\/2016\/12\/decoupe-600x198.png 600w\" sizes=\"(max-width: 1000px) 100vw, 1000px\" \/><\/p>\n<p>&nbsp;<\/p>\n<h4 id=\"actions\">Nos Actions<\/h4>\n<p>Afin de mener au mieux son projet f\u00e9d\u00e9rateur et de promotion de l&rsquo;art contemporain, La Biz&rsquo;ART&rsquo;Rit propose et met en place diverses actions :<\/p>\n<ul>\n<li>Organiser des expositions individuelles ou collectives de ses membres<\/li>\n<li>Participer \u00e0 des \u00e9v\u00e8nements artistiques et manifestations culturelles mettant en avant les pratiques artistiques de ses membres<\/li>\n<li>Soutenir la cr\u00e9ation artistique<\/li>\n<li>Mobiliser ses membres b\u00e9n\u00e9voles sur les actions men\u00e9es<\/li>\n<li>Favoriser la rencontre et l\u2019\u00e9change entre ses membres<\/li>\n<li>Assurer la visibilit\u00e9 de ses artistes membres via un site internet<\/li>\n<li>Encadrer des ateliers de d\u00e9couverte artistique en milieu scolaire ou p\u00e9ri-scolaire<\/li>\n<li>\u00c9diter des catalogues d\u2019exposition et des goodies de l\u2019association<\/li>\n<\/ul>\n<p>&nbsp;<\/p>\n<p><img loading=\"lazy\" decoding=\"async\" class=\"aligncenter wp-image-376\" src=\"http:\/\/www.bizartrit.com\/fr\/wp-content\/uploads\/2016\/12\/vinsse.png\" width=\"1000\" height=\"330\" srcset=\"https:\/\/www.bizartrit.com\/fr\/wp-content\/uploads\/2016\/12\/vinsse.png 1086w, https:\/\/www.bizartrit.com\/fr\/wp-content\/uploads\/2016\/12\/vinsse-300x99.png 300w, https:\/\/www.bizartrit.com\/fr\/wp-content\/uploads\/2016\/12\/vinsse-768x253.png 768w, https:\/\/www.bizartrit.com\/fr\/wp-content\/uploads\/2016\/12\/vinsse-1024x338.png 1024w, https:\/\/www.bizartrit.com\/fr\/wp-content\/uploads\/2016\/12\/vinsse-600x198.png 600w\" sizes=\"(max-width: 1000px) 100vw, 1000px\" \/><\/p>\n<p>&nbsp;<\/p>\n","protected":false},"excerpt":{"rendered":"<p>Les membres fondateurs\u00a0: Lo\u00efc Marchand\u00a0: Artiste plasticien, performeur et vid\u00e9aste, Dipl\u00f4m\u00e9 de l\u2019\u00e9cole des Beaux Arts de Dunkerque et de l\u2019\u00e9cole des Beaux Arts de Montpellier. Lucien Monnier\u00a0: Artiste plasticien, dessinateur autodidacte. David Lachavanne\u00a0: Artiste plasticien, sculpteur, Dipl\u00f4m\u00e9 de l\u2019\u00c9cole des beaux arts de Toulouse. Philippe Debiol\u00a0: Artiste plasticien, dessinateur et pochoiriste autodidacte. \u00a0 &nbsp; Le projet Biz&rsquo;ART&rsquo;Rit Les artistes fondateurs de l&rsquo;association sont issus de diff\u00e9rents horizons et ont chacun suivi une voie diff\u00e9rente avant de se r\u00e9unir autour du projet commun de La Biz\u2019Art\u2019Rit. Sortants d\u2019\u00e9cole d\u2019art (Montpellier, Toulouse) ou autodidactes, nous nous sommes rassembl\u00e9s autour du postulat de la difficult\u00e9 pour un artiste de promouvoir son travail, rencontrer d\u2019autres artistes afin de cr\u00e9er un r\u00e9seau d\u2019\u00e9change, et continuer \u00e0 produire de fa\u00e7on isol\u00e9e. Nous avons alors d\u00e9cid\u00e9 en 2014 de cr\u00e9er La Biz\u2019ART\u2019Rit afin de r\u00e9unir ces artistes dans un projet collectif permettant de mutualiser les savoirs-faire, mettre en place et accompagner des projets artistiques d\u2019envergure et ainsi promouvoir l\u2019art contemporain en Ari\u00e8ge et ses alentours. Nous sommes intimement convaincus du potentiel d\u2019effervescence artistique Ari\u00e9geois et des zones dites \u00ab\u00a0rurales\u00a0\u00bb en g\u00e9n\u00e9ral, l\u2019art contemporain est partout, par tous et pour tous &nbsp; &nbsp; Nos Actions Afin de mener au mieux son projet f\u00e9d\u00e9rateur et de promotion de l&rsquo;art contemporain, La Biz&rsquo;ART&rsquo;Rit propose et met en place diverses actions : Organiser des expositions individuelles ou collectives de ses membres Participer \u00e0 des \u00e9v\u00e8nements artistiques et manifestations culturelles mettant en avant les pratiques artistiques de ses membres Soutenir la cr\u00e9ation artistique Mobiliser ses membres b\u00e9n\u00e9voles sur les actions men\u00e9es Favoriser la rencontre et l\u2019\u00e9change entre ses membres Assurer la visibilit\u00e9 de ses artistes membres via un site internet Encadrer des ateliers de d\u00e9couverte artistique en milieu scolaire ou p\u00e9ri-scolaire \u00c9diter des catalogues d\u2019exposition et des goodies de l\u2019association &nbsp; &nbsp;<\/p>\n","protected":false},"author":1,"featured_media":0,"parent":0,"menu_order":0,"comment_status":"closed","ping_status":"closed","template":"","meta":{"_acf_changed":false,"footnotes":""},"class_list":["post-35","page","type-page","status-publish","hentry"],"acf":[],"aioseo_notices":[],"_links":{"self":[{"href":"https:\/\/www.bizartrit.com\/fr\/wp-json\/wp\/v2\/pages\/35","targetHints":{"allow":["GET"]}}],"collection":[{"href":"https:\/\/www.bizartrit.com\/fr\/wp-json\/wp\/v2\/pages"}],"about":[{"href":"https:\/\/www.bizartrit.com\/fr\/wp-json\/wp\/v2\/types\/page"}],"author":[{"embeddable":true,"href":"https:\/\/www.bizartrit.com\/fr\/wp-json\/wp\/v2\/users\/1"}],"replies":[{"embeddable":true,"href":"https:\/\/www.bizartrit.com\/fr\/wp-json\/wp\/v2\/comments?post=35"}],"version-history":[{"count":12,"href":"https:\/\/www.bizartrit.com\/fr\/wp-json\/wp\/v2\/pages\/35\/revisions"}],"predecessor-version":[{"id":432,"href":"https:\/\/www.bizartrit.com\/fr\/wp-json\/wp\/v2\/pages\/35\/revisions\/432"}],"wp:attachment":[{"href":"https:\/\/www.bizartrit.com\/fr\/wp-json\/wp\/v2\/media?parent=35"}],"curies":[{"name":"wp","href":"https:\/\/api.w.org\/{rel}","templated":true}]}}