{"id":214,"date":"2016-11-02T14:39:37","date_gmt":"2016-11-02T13:39:37","guid":{"rendered":"http:\/\/www.bizartrit.com\/fr\/?page_id=214"},"modified":"2017-02-24T12:00:14","modified_gmt":"2017-02-24T11:00:14","slug":"adherer","status":"publish","type":"page","link":"https:\/\/www.bizartrit.com\/fr\/adherer\/","title":{"rendered":"Adh\u00e9rer"},"content":{"rendered":"<p>[hr]<\/p>\n<p><img fetchpriority=\"high\" decoding=\"async\" class=\"wp-image-215 size-full aligncenter\" src=\"http:\/\/www.bizartrit.com\/fr\/wp-content\/uploads\/2016\/11\/wewantyou.png\" alt=\"wewantyou\" width=\"1000\" height=\"330\" srcset=\"https:\/\/www.bizartrit.com\/fr\/wp-content\/uploads\/2016\/11\/wewantyou.png 1000w, https:\/\/www.bizartrit.com\/fr\/wp-content\/uploads\/2016\/11\/wewantyou-300x99.png 300w, https:\/\/www.bizartrit.com\/fr\/wp-content\/uploads\/2016\/11\/wewantyou-768x253.png 768w, https:\/\/www.bizartrit.com\/fr\/wp-content\/uploads\/2016\/11\/wewantyou-600x198.png 600w\" sizes=\"(max-width: 1000px) 100vw, 1000px\" \/><\/p>\n<h5 style=\"text-align: center;\">Vous souhaitez nous soutenir et adh\u00e9rer \u00e0 la <strong>Biz\u2019ART\u2019Rit<\/strong> ? Plusieurs solutions s\u2019offrent \u00e0 vous :<\/h5>\n<p>&nbsp;<\/p>\n<p>&nbsp;<\/p>\n<p>[accordion]<br \/>\n[pane title=\u00a0\u00bbMembre Actif\u00a0\u00bb]<\/p>\n<p>[columns] [span8]<\/p>\n<h4>\u00catre membre actif c&rsquo;est :<\/h4>\n<p>Le statut de membre actif s\u2019adresse aux personnes ayant une pratique artistique contemporaine et souhaitant s\u2019investir b\u00e9n\u00e9volement dans la r\u00e9alisation de projets artistiques avec nous.<\/p>\n<p>Pour devenir membre actif nous vous demandons de :<\/p>\n<ul>\n<li>Remplir et nous retourner le document d&rsquo;adh\u00e9sion en cliquant sur le lien suivant.<\/li>\n<li>Nous envoyer par mail ou courrier un petit book de votre travail expliquant votre d\u00e9marche artistique ainsi qu\u2019une pr\u00e9sentation de vos cr\u00e9ations. Ce book sera soumis aux membres du conseil pour validation de l\u2019adh\u00e9sion.<br \/>\n(NB : nous ne jugeons pas le travail artistique, ce dossier nous permet seulement d\u2019avoir un aper\u00e7u de vos cr\u00e9ations pour mieux vous conna\u00eetre ! )<\/li>\n<li>Vous acquitter de la cotisation annuelle de 15 euros<\/li>\n<\/ul>\n<p><strong>La Biz\u2019ART\u2019Rit propose \u00e0 ses membres actifs :<\/strong><\/p>\n<ul>\n<li>Une page personnelle de pr\u00e9sentation de travaux sur notre site internet<\/li>\n<li>Des propositions de projets d\u2019exposition<\/li>\n<li>La possibilit\u00e9 d\u2019animer des ateliers de d\u00e9couverte artistique<\/li>\n<li>Un soutien pour la r\u00e9alisation de projet<\/li>\n<li>Un \u00e9change de savoir faire entre les membres de l\u2019association<\/li>\n<li>Un abonnement \u00e0 notre Newsletter (4 par an)<\/li>\n<li>Des r\u00e9ductions sur les divers GOODIES de l\u2019association<\/li>\n<li>L&rsquo;acc\u00e8s aux assembl\u00e9es g\u00e9n\u00e9rales et au vote de ses d\u00e9cisions<\/li>\n<\/ul>\n<p>[\/span8][span4]<\/p>\n<p>&nbsp;<\/p>\n<p>&nbsp;<\/p>\n<p><a href=\"http:\/\/www.bizartrit.com\/fr\/wp-content\/uploads\/2017\/02\/Dossier_candidature.pdf\" target=\"_blank\"><img decoding=\"async\" class=\"aligncenter wp-image-425 size-full\" src=\"http:\/\/www.bizartrit.com\/fr\/wp-content\/uploads\/2016\/11\/membreactif.png\" width=\"200\" height=\"267\" \/><\/a><\/p>\n<p>[\/span4][\/columns]<\/p>\n<p>&nbsp;<\/p>\n<p>&nbsp;<\/p>\n<h5 style=\"text-align: center;\"><span style=\"color: #008c8c;\">Vous cr\u00e9ez et avez envie de partager votre savoir-faire et participer \u00e0 des projets artistiques ?<\/span><br \/>\n<span style=\"color: #008c8c;\"> Alors bienvenue \u00e0 la Biz\u2019ART\u2019Rit ! <\/span><\/h5>\n<h5 style=\"text-align: center;\"><\/h5>\n<p>[\/pane]<br \/>\n[pane title=\u00a0\u00bbAdh\u00e9rent\u00a0\u00bb]<\/p>\n<p>[columns] [span8]<\/p>\n<h4>\u00catre adh\u00e9rent c&rsquo;est :<\/h4>\n<p>Sont adh\u00e9rents les personnes qui souhaitent prendre une cotisation \u00e0 l\u2019association pour preuve de leur soutien, mais qui ne peuvent ou ne souhaitent s\u2019investir sur les t\u00e2ches confi\u00e9es aux b\u00e9n\u00e9voles.<br \/>\nPour \u00eatre adh\u00e9rent nous vous demandons de :<\/p>\n<ul>\n<li>Remplir le document d\u2019adh\u00e9sion en cliquant sur le lien suivant<\/li>\n<li>Vous acquitter de la cotisation annuelle de 10 euros<\/li>\n<\/ul>\n<p>La Biz\u2019ART\u2019Rit propose \u00e0 ses adh\u00e9rents:<\/p>\n<ul>\n<li>Des invitations aux \u00e9v\u00e9nements organis\u00e9s par la biz\u2019art\u2019rit<\/li>\n<li>Un abonnement \u00e0 notre Newsletter (4 par an)<\/li>\n<li>Des r\u00e9ductions sur les divers goodies et inscriptions aux ateliers<\/li>\n<li>Une reconnaissance \u00e9ternelle pour ce soutien pr\u00e9cieux !<\/li>\n<\/ul>\n<p>[\/span8][span4]<\/p>\n<p>&nbsp;<\/p>\n<p><a href=\"http:\/\/www.bizartrit.com\/fr\/wp-content\/uploads\/2017\/02\/adhesion.pdf\" target=\"_blank\"><img decoding=\"async\" class=\"size-full wp-image-428 aligncenter\" src=\"http:\/\/www.bizartrit.com\/fr\/wp-content\/uploads\/2016\/11\/adherent.png\" alt=\"\" width=\"200\" height=\"267\" \/><\/a><\/p>\n<p>[\/span4][\/columns]<\/p>\n<p>&nbsp;<\/p>\n<p>&nbsp;<\/p>\n<h5 style=\"text-align: center;\"><span style=\"color: #008c8c;\">Vous voulez nous soutenir et \u00eatre toujours inform\u00e9s du travail des artistes membres de l\u2019association ?<\/span><\/h5>\n<h5 style=\"text-align: center;\"><span style=\"color: #008c8c;\">Alors bienvenue \u00e0 la Biz\u2019ART\u2019Rit !<br \/>\n<\/span><\/h5>\n<p>&nbsp;<\/p>\n<p>[\/pane]<br \/>\n[pane title=\u00a0\u00bbMembre Bienfaiteur\u00a0\u00bb]<\/p>\n<h4>\u00catre Membre bienfaiteur c&rsquo;est :<\/h4>\n<p>Les personnes qui s\u2019acquittent d\u2019une cotisation annuelle sup\u00e9rieure au montant de la cotisation de base fix\u00e9e \u00e0 10 euros, deviennent Membres Bienfaiteurs. Ils ont acc\u00e8s aux m\u00eames avantages que les adh\u00e9rents, avec un petit cadeau en fin d\u2019ann\u00e9e !<\/p>\n<p>&nbsp;<\/p>\n<h5 style=\"text-align: center;\"><span style=\"color: #008c8c;\">Vous voulez nous soutenir, et recevoir un petit cadeau ?<\/span><\/h5>\n<h5 style=\"text-align: center;\"><span style=\"color: #008c8c;\">Alors bienvenue \u00e0 la Biz\u2019ART\u2019Rit !<\/span><\/h5>\n<p>[\/pane]<br \/>\n[\/accordion]<\/p>\n<p>&nbsp;<\/p>\n<p style=\"text-align: center;\">Vous \u00eates d\u00e9j\u00e0 membre de l&rsquo;association et souhaitez renouveler votre adh\u00e9sion, cliquez ici : <a href=\"http:\/\/www.bizartrit.com\/fr\/wp-content\/uploads\/2017\/02\/renouvellement.pdf\" target=\"_blank\"><strong>RENOUVELLEMENT ADH\u00c9SION<\/strong><\/a><\/p>\n","protected":false},"excerpt":{"rendered":"<p>[hr] Vous souhaitez nous soutenir et adh\u00e9rer \u00e0 la Biz\u2019ART\u2019Rit ? Plusieurs solutions s\u2019offrent \u00e0 vous : &nbsp; &nbsp; [accordion] [pane title=\u00a0\u00bbMembre Actif\u00a0\u00bb] [columns] [span8] \u00catre membre actif c&rsquo;est : Le statut de membre actif s\u2019adresse aux personnes ayant une pratique artistique contemporaine et souhaitant s\u2019investir b\u00e9n\u00e9volement dans la r\u00e9alisation de projets artistiques avec nous. Pour devenir membre actif nous vous demandons de : Remplir et nous retourner le document d&rsquo;adh\u00e9sion en cliquant sur le lien suivant. Nous envoyer par mail ou courrier un petit book de votre travail expliquant votre d\u00e9marche artistique ainsi qu\u2019une pr\u00e9sentation de vos cr\u00e9ations. Ce book sera soumis aux membres du conseil pour validation de l\u2019adh\u00e9sion. (NB : nous ne jugeons pas le travail artistique, ce dossier nous permet seulement d\u2019avoir un aper\u00e7u de vos cr\u00e9ations pour mieux vous conna\u00eetre ! ) Vous acquitter de la cotisation annuelle de 15 euros La Biz\u2019ART\u2019Rit propose \u00e0 ses membres actifs : Une page personnelle de pr\u00e9sentation de travaux sur notre site internet Des propositions de projets d\u2019exposition La possibilit\u00e9 d\u2019animer des ateliers de d\u00e9couverte artistique Un soutien pour la r\u00e9alisation de projet Un \u00e9change de savoir faire entre les membres de l\u2019association Un abonnement \u00e0 notre Newsletter (4 par an) Des r\u00e9ductions sur les divers GOODIES de l\u2019association L&rsquo;acc\u00e8s aux assembl\u00e9es g\u00e9n\u00e9rales et au vote de ses d\u00e9cisions [\/span8][span4] &nbsp; &nbsp; [\/span4][\/columns] &nbsp; &nbsp; Vous cr\u00e9ez et avez envie de partager votre savoir-faire et participer \u00e0 des projets artistiques ? Alors bienvenue \u00e0 la Biz\u2019ART\u2019Rit ! [\/pane] [pane title=\u00a0\u00bbAdh\u00e9rent\u00a0\u00bb] [columns] [span8] \u00catre adh\u00e9rent c&rsquo;est : Sont adh\u00e9rents les personnes qui souhaitent prendre une cotisation \u00e0 l\u2019association pour preuve de leur soutien, mais qui ne peuvent ou ne souhaitent s\u2019investir sur les t\u00e2ches confi\u00e9es aux b\u00e9n\u00e9voles. Pour \u00eatre adh\u00e9rent nous vous demandons de : Remplir le document d\u2019adh\u00e9sion en cliquant sur le lien suivant Vous acquitter de la cotisation annuelle de 10 euros La Biz\u2019ART\u2019Rit propose \u00e0 ses adh\u00e9rents: Des invitations aux \u00e9v\u00e9nements organis\u00e9s par la biz\u2019art\u2019rit Un abonnement \u00e0 notre Newsletter (4 par an) Des r\u00e9ductions sur les divers goodies et inscriptions aux ateliers Une reconnaissance \u00e9ternelle pour ce soutien pr\u00e9cieux ! [\/span8][span4] &nbsp; [\/span4][\/columns] &nbsp; &nbsp; Vous voulez nous soutenir et \u00eatre toujours inform\u00e9s du travail des artistes membres de l\u2019association ? Alors bienvenue \u00e0 la Biz\u2019ART\u2019Rit ! &nbsp; [\/pane] [pane title=\u00a0\u00bbMembre Bienfaiteur\u00a0\u00bb] \u00catre Membre bienfaiteur c&rsquo;est : Les personnes qui s\u2019acquittent d\u2019une cotisation annuelle sup\u00e9rieure au montant de la cotisation de base fix\u00e9e \u00e0 10 euros, deviennent Membres Bienfaiteurs. Ils ont acc\u00e8s aux m\u00eames avantages que les adh\u00e9rents, avec un petit cadeau en fin d\u2019ann\u00e9e ! &nbsp; Vous voulez nous soutenir, et recevoir un petit cadeau ? Alors bienvenue \u00e0 la Biz\u2019ART\u2019Rit ! [\/pane] [\/accordion] &nbsp; Vous \u00eates d\u00e9j\u00e0 membre de l&rsquo;association et souhaitez renouveler votre adh\u00e9sion, cliquez ici : RENOUVELLEMENT ADH\u00c9SION<\/p>\n","protected":false},"author":1,"featured_media":0,"parent":0,"menu_order":0,"comment_status":"closed","ping_status":"closed","template":"","meta":{"_acf_changed":false,"footnotes":""},"class_list":["post-214","page","type-page","status-publish","hentry"],"acf":[],"aioseo_notices":[],"_links":{"self":[{"href":"https:\/\/www.bizartrit.com\/fr\/wp-json\/wp\/v2\/pages\/214","targetHints":{"allow":["GET"]}}],"collection":[{"href":"https:\/\/www.bizartrit.com\/fr\/wp-json\/wp\/v2\/pages"}],"about":[{"href":"https:\/\/www.bizartrit.com\/fr\/wp-json\/wp\/v2\/types\/page"}],"author":[{"embeddable":true,"href":"https:\/\/www.bizartrit.com\/fr\/wp-json\/wp\/v2\/users\/1"}],"replies":[{"embeddable":true,"href":"https:\/\/www.bizartrit.com\/fr\/wp-json\/wp\/v2\/comments?post=214"}],"version-history":[{"count":50,"href":"https:\/\/www.bizartrit.com\/fr\/wp-json\/wp\/v2\/pages\/214\/revisions"}],"predecessor-version":[{"id":218,"href":"https:\/\/www.bizartrit.com\/fr\/wp-json\/wp\/v2\/pages\/214\/revisions\/218"}],"wp:attachment":[{"href":"https:\/\/www.bizartrit.com\/fr\/wp-json\/wp\/v2\/media?parent=214"}],"curies":[{"name":"wp","href":"https:\/\/api.w.org\/{rel}","templated":true}]}}