{"id":193,"date":"2016-10-31T17:38:10","date_gmt":"2016-10-31T16:38:10","guid":{"rendered":"http:\/\/www.bizartrit.com\/fr\/?page_id=193"},"modified":"2025-12-16T19:20:50","modified_gmt":"2025-12-16T18:20:50","slug":"mentions-legales","status":"publish","type":"page","link":"https:\/\/www.bizartrit.com\/fr\/mentions-legales\/","title":{"rendered":"Mentions l\u00e9gales"},"content":{"rendered":"\t\t<div data-elementor-type=\"wp-page\" data-elementor-id=\"193\" class=\"elementor elementor-193\" data-elementor-post-type=\"page\">\n\t\t\t\t<div class=\"elementor-element elementor-element-207f008 e-flex e-con-boxed wpr-particle-no wpr-jarallax-no wpr-parallax-no wpr-sticky-section-no wpr-equal-height-no e-con e-parent\" data-id=\"207f008\" data-element_type=\"container\" data-e-type=\"container\">\n\t\t\t\t\t<div class=\"e-con-inner\">\n\t\t\t\t<div class=\"elementor-element elementor-element-3c495e08 elementor-widget elementor-widget-text-editor\" data-id=\"3c495e08\" data-element_type=\"widget\" data-e-type=\"widget\" data-widget_type=\"text-editor.default\">\n\t\t\t\t<div class=\"elementor-widget-container\">\n\t\t\t\t\t\t\t\t\t<h1>Mentions L\u00e9gales<\/h1><h2><strong>\u273d Cr\u00e9dits &amp; images<\/strong><\/h2><h4><strong>Concept, production et r\u00e9daction\u00a0:<\/strong><\/h4><ul><li>Cyril Pouil <a href=\"https:\/\/caughtbytheweb.fr\/\">[https:\/\/caughtbytheweb.fr]<\/a> : Webdesigner \/ artiste<\/li><li>Adeline Gouyette : Webdesigner \/ graphiste \/ artiste<\/li><li>Lo\u00efc Marchand : Coordinateur \/ artiste<\/li><\/ul><h4>La Biz\u2019ART\u2019Rit<\/h4><p>5 rue Pyr\u00e8ne<br \/>09000 Foix<br \/>06 75 53 13 97<\/p><h2><strong>\u273d Photos\u00a0:<\/strong><\/h2><ul><li>Loic Marchand<\/li><li>Adeline Gouyette<\/li><li>David Lachavanne<\/li><li>Philippe Debiol<\/li><li>Th\u00e9o Lecoq<\/li><li>VINSSE AKA VINZ<\/li><li>Georges LE MERCENAIRE<\/li><li>Sebastien Durante<\/li><li>Nirina Ledantec<\/li><li>Nicolas Lebrun<\/li><li>The flying Pirates<\/li><\/ul><p><strong>H\u00e9bergeur :<\/strong> OVH<\/p><p><strong>Webesign :<\/strong> Cyril Pouil \/ Adeline Gouyette<\/p><h2><strong>\u273d Droits de propri\u00e9t\u00e9 Intellectuelle.<\/strong><\/h2><p>Toute reproduction enti\u00e8re ou partielle de la Biz\u2019ART\u2019Rit, y compris textes et images, est strictement interdite sans l\u2019accord pr\u00e9alable des auteurs. Certaines photographies sont par ailleurs disponibles, apr\u00e8s devis et tarification, en format original et\/ou support papier.<\/p><p>Les photos de ce site sont prises par :<\/p><ul><li>Loic Marchand<\/li><li>Adeline Gouyette<\/li><li>David Lachavanne<\/li><li>Philippe Debiol<\/li><li>Th\u00e9o Lecoq<\/li><li>VINSSE AKA VINZ<\/li><li>Georges LE MERCENAIRE<\/li><li>Sebastien Durante<\/li><li>Nirina Ledantec<\/li><li>Nicolas Lebrun<\/li><li>The flying Pirates<\/li><\/ul><p>Les autres images \u00a0poss\u00e8dent une source cit\u00e9e et\/ou li\u00e9e.\u00a0Tous les articles sont r\u00e9dig\u00e9s par les m\u00eames auteurs sauf mention contraire. Le design et la mise en place de ce blog ont \u00e9t\u00e9 cr\u00e9es par<strong>\u00a0<\/strong><a href=\"http:\/\/www.adelinegouyette.com\" target=\"_blank\" rel=\"noopener\"><strong>Adeline Gouyette<\/strong><\/a><strong> &amp; <a href=\"https:\/\/caughtbytheweb.fr\/\" target=\"_blank\" rel=\"noopener\">Cyril Pouil <\/a><\/strong>avec la plateforme<strong> WordPress.<\/strong><\/p><p><strong>\u00a0<\/strong><\/p><h2><strong>\u273d Donn\u00e9es personnelles<\/strong><\/h2><p><strong>Site\u00a0personnel non d\u00e9clar\u00e9 \u00e0 la CNIL <\/strong>: Dispense en vertu de l\u2019application des dispositions de<a href=\"http:\/\/www.legifrance.gouv.fr\/affichTexteArticle.do?idArticle=LEGIARTI000022469889&amp;cidTexte=LEGITEXT000005789847\"> l\u2019article 24-II de la loi du 6 janvier 1978 <\/a>modifi\u00e9e et de dispenser de d\u00e9claration les sites web diffusant ou collectant des donn\u00e9es \u00e0 caract\u00e8re personnel mis en \u0153uvre par des particuliers dans le cadre d\u2019une activit\u00e9 exclusivement personnelle.<\/p><p>Conform\u00e9ment \u00e0 l\u2019article 39 de la loi du 6 janvier 1978 relative \u00e0 l\u2019informatique, aux fichiers et aux libert\u00e9s, vous avez un droit d\u2019acc\u00e8s, de modification et d\u2019opposition sur vos donn\u00e9es personnelles enregistr\u00e9es par le site . Pour que vos donn\u00e9es soient supprim\u00e9es, contactez nous\u00a0via le<a href=\"http:\/\/vert-citron.fr\/index.php\/contact\/\">\u00a0formulaire de contact<\/a><\/p><p>Les donn\u00e9es personnelles collect\u00e9es par Gratteron et Chaussons\u00a0sont uniquement destin\u00e9es \u00e0 un usage interne. <strong>En aucun cas ces donn\u00e9es ne seront c\u00e9d\u00e9es ou vendues \u00e0 des tiers.<\/strong> Elles ne sont collect\u00e9es que:<\/p><ul><li>dans le cadre des commentaires du site(IP de l\u2019auteur du commentaire)<\/li><li>dans le cadre des statistiques de fr\u00e9quentation du site.<\/li><li>dans le cadre de jeux-concours<\/li><\/ul><p><strong>\u00a0<\/strong><\/p><h2><strong>\u273d Cookies : <\/strong><\/h2><p>Un cookie peut \u00eatre enregistr\u00e9 dans votre ordinateur pour permettre \u00e0 votre navigateur web de conserver les informations que vous entrez dans le formulaire de commentaire. Afin que vous n\u2019ayez pas \u00e0 les ressaisir \u00e0 chaque fois que vous d\u00e9posez un commentaire sur le site. Vous pouvez vous opposer \u00e0 l\u2019enregistrement des \u00ab\u00a0cookies\u00a0\u00bb en configurant votre navigateur.<\/p><h2>\u00a0<\/h2><h2>\u273d<strong> Mod\u00e9ration des commentaires\u2028<\/strong><\/h2><p>Les commentaires et r\u00e9troliens du site la Biz\u2019ART\u2019Rit sont mod\u00e9r\u00e9s \u00e0 posteriori. Les auteurs se r\u00e9servent le droit de supprimer tout message entrant dans une de ces cat\u00e9gories: (liste non exhaustive)<\/p><ul><li>Commentaires diffamatoires, racistes, pornographiques, p\u00e9dophiles, incitant \u00e0 d\u00e9lit, crimes ou suicides<\/li><li>Commentaires reproduisant une correspondance priv\u00e9e sans l\u2019accord des personnes concern\u00e9es<\/li><li>Commentaires agressifs ou vulgaires,<\/li><li>Commentaires portant sur des th\u00e8mes pol\u00e9miques sans rapport avec la discussion en court<\/li><li>Commentaires visant uniquement \u00e0 mettre en ligne un lien vers un site ext\u00e9rieur<\/li><\/ul><p>Vous avez la possibilit\u00e9 de signaler un commentaire en nous contactant via le formulaire de contact et\u00a0nous signalant vos raisons.<\/p><h2>\u00a0<\/h2><h2><strong>\u273d Avertissement g\u00e9n\u00e9ral :\u00a0<\/strong><\/h2><p>Les informations disponibles sur le site la Biz\u2019ART\u2019Rit ne sauraient garantir qu\u2019elles sont exemptes d\u2019erreurs, ni garantir leur compl\u00e9tude, leur actualit\u00e9, leur exhaustivit\u00e9 ou autre. En cons\u00e9quence, il appartient \u00e0 l\u2019internaute d\u2019utiliser les informations figurant sur le site Internet \u00e0 ses risques et de proc\u00e9der \u00e0 toute v\u00e9rification sous sa responsabilit\u00e9 exclusive.<\/p><p>le contenu du site est prot\u00e9g\u00e9 par les droits d&rsquo;auteur, par l&rsquo;article L122-4 du Code de la Propri\u00e9t\u00e9 intellectuelle : \u00a0\u00bb Toute repr\u00e9sentation ou reproduction int\u00e9grale ou partielle faite sans le consentement de l&rsquo;auteur ou de ses ayants droit ou ayants cause est illicite. Il en est de m\u00eame pour la traduction, l&rsquo;adaptation ou la transformation, l&rsquo;arrangement ou la reproduction par un art ou un proc\u00e9d\u00e9 quelconque.<\/p><p>En cas de publication de propos diffamatoires, le pr\u00e9sident n&rsquo;est responsable des commentaires des internautes que s&rsquo;il a eu connaissance de leur contenu avant leur mise en ligne, ou s&rsquo;il n&rsquo;a pas agi promptement pour les retirer d\u00e8s qu&rsquo;il en a eu connaissance<\/p>\t\t\t\t\t\t\t\t<\/div>\n\t\t\t\t<\/div>\n\t\t\t\t\t<\/div>\n\t\t\t\t<\/div>\n\t\t\t\t<\/div>\n\t\t","protected":false},"excerpt":{"rendered":"<p>Mentions L\u00e9gales \u273d Cr\u00e9dits &amp; images Concept, production et r\u00e9daction\u00a0: Cyril Pouil [https:\/\/caughtbytheweb.fr] : Webdesigner \/ artiste Adeline Gouyette : Webdesigner \/ graphiste \/ artiste Lo\u00efc Marchand : Coordinateur \/ artiste La Biz\u2019ART\u2019Rit 5 rue Pyr\u00e8ne09000 Foix06 75 53 13 97 \u273d Photos\u00a0: Loic Marchand Adeline Gouyette David Lachavanne Philippe Debiol Th\u00e9o Lecoq VINSSE AKA VINZ Georges LE MERCENAIRE Sebastien Durante Nirina Ledantec Nicolas Lebrun The flying Pirates H\u00e9bergeur : OVH Webesign : Cyril Pouil \/ Adeline Gouyette \u273d Droits de propri\u00e9t\u00e9 Intellectuelle. Toute reproduction enti\u00e8re ou partielle de la Biz\u2019ART\u2019Rit, y compris textes et images, est strictement interdite sans l\u2019accord pr\u00e9alable des auteurs. Certaines photographies sont par ailleurs disponibles, apr\u00e8s devis et tarification, en format original et\/ou support papier. Les photos de ce site sont prises par : Loic Marchand Adeline Gouyette David Lachavanne Philippe Debiol Th\u00e9o Lecoq VINSSE AKA VINZ Georges LE MERCENAIRE Sebastien Durante Nirina Ledantec Nicolas Lebrun The flying Pirates Les autres images \u00a0poss\u00e8dent une source cit\u00e9e et\/ou li\u00e9e.\u00a0Tous les articles sont r\u00e9dig\u00e9s par les m\u00eames auteurs sauf mention contraire. Le design et la mise en place de ce blog ont \u00e9t\u00e9 cr\u00e9es par\u00a0Adeline Gouyette &amp; Cyril Pouil avec la plateforme WordPress. \u00a0 \u273d Donn\u00e9es personnelles Site\u00a0personnel non d\u00e9clar\u00e9 \u00e0 la CNIL : Dispense en vertu de l\u2019application des dispositions de l\u2019article 24-II de la loi du 6 janvier 1978 modifi\u00e9e et de dispenser de d\u00e9claration les sites web diffusant ou collectant des donn\u00e9es \u00e0 caract\u00e8re personnel mis en \u0153uvre par des particuliers dans le cadre d\u2019une activit\u00e9 exclusivement personnelle. Conform\u00e9ment \u00e0 l\u2019article 39 de la loi du 6 janvier 1978 relative \u00e0 l\u2019informatique, aux fichiers et aux libert\u00e9s, vous avez un droit d\u2019acc\u00e8s, de modification et d\u2019opposition sur vos donn\u00e9es personnelles enregistr\u00e9es par le site . Pour que vos donn\u00e9es soient supprim\u00e9es, contactez nous\u00a0via le\u00a0formulaire de contact Les donn\u00e9es personnelles collect\u00e9es par Gratteron et Chaussons\u00a0sont uniquement destin\u00e9es \u00e0 un usage interne. En aucun cas ces donn\u00e9es ne seront c\u00e9d\u00e9es ou vendues \u00e0 des tiers. Elles ne sont collect\u00e9es que: dans le cadre des commentaires du site(IP de l\u2019auteur du commentaire) dans le cadre des statistiques de fr\u00e9quentation du site. dans le cadre de jeux-concours \u00a0 \u273d Cookies : Un cookie peut \u00eatre enregistr\u00e9 dans votre ordinateur pour permettre \u00e0 votre navigateur web de conserver les informations que vous entrez dans le formulaire de commentaire. Afin que vous n\u2019ayez pas \u00e0 les ressaisir \u00e0 chaque fois que vous d\u00e9posez un commentaire sur le site. Vous pouvez vous opposer \u00e0 l\u2019enregistrement des \u00ab\u00a0cookies\u00a0\u00bb en configurant votre navigateur. \u00a0 \u273d Mod\u00e9ration des commentaires\u2028 Les commentaires et r\u00e9troliens du site la Biz\u2019ART\u2019Rit sont mod\u00e9r\u00e9s \u00e0 posteriori. Les auteurs se r\u00e9servent le droit de supprimer tout message entrant dans une de ces cat\u00e9gories: (liste non exhaustive) Commentaires diffamatoires, racistes, pornographiques, p\u00e9dophiles, incitant \u00e0 d\u00e9lit, crimes ou suicides Commentaires reproduisant une correspondance priv\u00e9e sans l\u2019accord des personnes concern\u00e9es Commentaires agressifs ou vulgaires, Commentaires portant sur des th\u00e8mes pol\u00e9miques sans rapport avec la discussion en court Commentaires visant uniquement \u00e0 mettre en ligne un lien vers un site ext\u00e9rieur Vous avez la possibilit\u00e9 de signaler un commentaire en nous contactant via le formulaire de contact et\u00a0nous signalant vos raisons. \u00a0 \u273d Avertissement g\u00e9n\u00e9ral :\u00a0 Les informations disponibles sur le site la Biz\u2019ART\u2019Rit ne sauraient garantir qu\u2019elles sont exemptes d\u2019erreurs, ni garantir leur compl\u00e9tude, leur actualit\u00e9, leur exhaustivit\u00e9 ou autre. En cons\u00e9quence, il appartient \u00e0 l\u2019internaute d\u2019utiliser les informations figurant sur le site Internet \u00e0 ses risques et de proc\u00e9der \u00e0 toute v\u00e9rification sous sa responsabilit\u00e9 exclusive. le contenu du site est prot\u00e9g\u00e9 par les droits d&rsquo;auteur, par l&rsquo;article L122-4 du Code de la Propri\u00e9t\u00e9 intellectuelle : \u00a0\u00bb Toute repr\u00e9sentation ou reproduction int\u00e9grale ou partielle faite sans le consentement de l&rsquo;auteur ou de ses ayants droit ou ayants cause est illicite. Il en est de m\u00eame pour la traduction, l&rsquo;adaptation ou la transformation, l&rsquo;arrangement ou la reproduction par un art ou un proc\u00e9d\u00e9 quelconque. En cas de publication de propos diffamatoires, le pr\u00e9sident n&rsquo;est responsable des commentaires des internautes que s&rsquo;il a eu connaissance de leur contenu avant leur mise en ligne, ou s&rsquo;il n&rsquo;a pas agi promptement pour les retirer d\u00e8s qu&rsquo;il en a eu connaissance<\/p>\n","protected":false},"author":1,"featured_media":0,"parent":0,"menu_order":0,"comment_status":"closed","ping_status":"closed","template":"","meta":{"_acf_changed":false,"footnotes":""},"class_list":["post-193","page","type-page","status-publish","hentry"],"acf":[],"aioseo_notices":[],"_links":{"self":[{"href":"https:\/\/www.bizartrit.com\/fr\/wp-json\/wp\/v2\/pages\/193","targetHints":{"allow":["GET"]}}],"collection":[{"href":"https:\/\/www.bizartrit.com\/fr\/wp-json\/wp\/v2\/pages"}],"about":[{"href":"https:\/\/www.bizartrit.com\/fr\/wp-json\/wp\/v2\/types\/page"}],"author":[{"embeddable":true,"href":"https:\/\/www.bizartrit.com\/fr\/wp-json\/wp\/v2\/users\/1"}],"replies":[{"embeddable":true,"href":"https:\/\/www.bizartrit.com\/fr\/wp-json\/wp\/v2\/comments?post=193"}],"version-history":[{"count":16,"href":"https:\/\/www.bizartrit.com\/fr\/wp-json\/wp\/v2\/pages\/193\/revisions"}],"predecessor-version":[{"id":3034,"href":"https:\/\/www.bizartrit.com\/fr\/wp-json\/wp\/v2\/pages\/193\/revisions\/3034"}],"wp:attachment":[{"href":"https:\/\/www.bizartrit.com\/fr\/wp-json\/wp\/v2\/media?parent=193"}],"curies":[{"name":"wp","href":"https:\/\/api.w.org\/{rel}","templated":true}]}}